{"id":26,"date":"2019-12-12T12:32:31","date_gmt":"2019-12-12T12:32:31","guid":{"rendered":"https:\/\/esh-leipzig.de\/?page_id=26"},"modified":"2025-09-22T15:08:04","modified_gmt":"2025-09-22T15:08:04","slug":"willkommen-auf-der-seite-des-evangelischen-studienhauses-leipzig","status":"publish","type":"page","link":"https:\/\/esh-leipzig.de\/","title":{"rendered":"Willkommen auf der Website des Evangelischen Studienhauses Leipzig!"},"content":{"rendered":"\n<div class=\"wp-block-cover aligncenter\" style=\"min-height:429px;aspect-ratio:unset;\"><img loading=\"lazy\" decoding=\"async\" width=\"2560\" height=\"1700\" class=\"wp-block-cover__image-background wp-image-279\" alt=\"\" src=\"https:\/\/esh-leipzig.de\/wp-content\/uploads\/2020\/05\/DSC_0009-1-scaled.jpg\" data-object-fit=\"cover\" srcset=\"https:\/\/esh-leipzig.de\/wp-content\/uploads\/2020\/05\/DSC_0009-1-scaled.jpg 2560w, https:\/\/esh-leipzig.de\/wp-content\/uploads\/2020\/05\/DSC_0009-1-300x199.jpg 300w, https:\/\/esh-leipzig.de\/wp-content\/uploads\/2020\/05\/DSC_0009-1-700x465.jpg 700w, https:\/\/esh-leipzig.de\/wp-content\/uploads\/2020\/05\/DSC_0009-1-768x510.jpg 768w, https:\/\/esh-leipzig.de\/wp-content\/uploads\/2020\/05\/DSC_0009-1-1536x1020.jpg 1536w, https:\/\/esh-leipzig.de\/wp-content\/uploads\/2020\/05\/DSC_0009-1-2048x1360.jpg 2048w, https:\/\/esh-leipzig.de\/wp-content\/uploads\/2020\/05\/DSC_0009-1-800x531.jpg 800w\" sizes=\"auto, (max-width: 2560px) 100vw, 2560px\" \/><span aria-hidden=\"true\" class=\"wp-block-cover__background has-background-dim\"><\/span><div class=\"wp-block-cover__inner-container is-layout-flow wp-block-cover-is-layout-flow\">\n<h2 class=\"wp-block-heading has-text-align-center\">Willkommen auf der Website des Evangelischen Studienhauses Leipzig!<\/h2>\n<\/div><\/div>\n\n\n\n<p class=\"has-text-align-left\">Das Evangelische Studienhaus Leipzig ist ein Wohnheim f\u00fcr Studierende, in dem aktuell auch Azubis und Freiwilligendienstleistende <a href=\"https:\/\/esh-leipzig.de\/?page_id=46\" data-type=\"page\" data-id=\"46\">wohnen<\/a>.<\/p>\n\n\n\n<p class=\"has-text-align-left\">Hier im ESH steht das gemeinsame Leben und der Glaube im Mittelpunkt. Daf\u00fcr gibt es bei uns verschiedene Begegnungsr\u00e4ume. F\u00fcr Gebetszeiten, Gottesdienste und auch pers\u00f6nliches Gebet steht unsere Kapelle zur Verf\u00fcgung. In unserem Saal und Seminarraum finden regelm\u00e4\u00dfig <a href=\"https:\/\/esh-leipzig.de\/?page_id=37\" data-type=\"page\" data-id=\"37\">Veranstaltungen<\/a>, wie beispielsweise die legend\u00e4re Hallenfete zweimal im Semester, statt. Daf\u00fcr stehen in der Eingangshalle eine Pantry-K\u00fcche und im Innenhof ein Grill zu Verf\u00fcgung, wodurch auch die kulinarischen Bed\u00fcrfnisse an solchen Abenden nicht zu kurz kommen. Einen weiteren Raum der Begegnung bietet die hauseigene Bar mit w\u00f6chentlichen Barabenden.<\/p>\n\n\n\n<p class=\"has-text-align-left\">Wenn gerade mal keine Hausveranstaltung ist, laden die Wohngemeinschaften mit ihren Wohnk\u00fcchen zu gemeinsamer Zeit ein. Zwischen vielen WGs besteht eine enge Verbindung, weshalb auch au\u00dferhalb der Hausaktivit\u00e4ten viel Kontakt zu Leuten aus anderen WGs besteht. Neben den <a href=\"https:\/\/esh-leipzig.de\/?page_id=46#einzelzimmer\" data-type=\"page\" data-id=\"46\">WG-Zimmern<\/a> gibt es auch noch 9 separate <a href=\"https:\/\/esh-leipzig.de\/?page_id=46#einzelappartments\" data-type=\"page\" data-id=\"46\">Appartements<\/a> f\u00fcr jeweils ein oder zwei Personen, die etwas mehr Platz und einen gr\u00f6\u00dferen R\u00fcckzugsort bieten.<\/p>\n\n\n\n<p class=\"has-text-align-left\">Und da wir ein Studienhaus sind darf nat\u00fcrlich auch das Studieren nicht vergessen werden. Daf\u00fcr steht unsere Pr\u00e4senzbibliothek mit theologischer und belletristischer Ausrichtung allen Hausbewohner:innen zum ruhigen Arbeiten und Lernen bereit. Auch alle musisch veranlagten Menschen k\u00f6nnen auf ihre Kosten kommen, da unser Musikraum mit E-Piano zum \u00dcben einl\u00e4dt, wie auch der Fl\u00fcgel im Saal. <a href=\"https:\/\/esh-leipzig.de\/?page_id=903#fotos-aus-dem-haus\" data-type=\"page\" data-id=\"903\">Fotos aus dem Haus.<\/a><\/p>\n\n\n\n<p class=\"has-text-align-left\">Mehr Einblicke kannst Du auch auf unserem <a href=\"https:\/\/www.instagram.com\/esh.leipzig\/\">Instagram-Profil<\/a> erhalten. Und mit unserem YouTube-Video:<\/p>\n\n\n\n<figure class=\"wp-block-embed is-type-video is-provider-youtube wp-block-embed-youtube wp-embed-aspect-16-9 wp-has-aspect-ratio\"><div class=\"wp-block-embed__wrapper\">\n<iframe loading=\"lazy\" title=\"Evangelisches Studienhaus Leipzig | Imagevideo\" width=\"700\" height=\"394\" src=\"https:\/\/www.youtube.com\/embed\/sjcvKisaRi4?feature=oembed\" frameborder=\"0\" allow=\"accelerometer; autoplay; clipboard-write; encrypted-media; gyroscope; picture-in-picture; web-share\" referrerpolicy=\"strict-origin-when-cross-origin\" allowfullscreen><\/iframe>\n<\/div><\/figure>\n\n\n\n<p><\/p>\n\n\n\n<p class=\"has-text-align-left\">Getragen wird dieses Studienhaus in Leipzig durch einen Verein, dem als Institutionen u.a. die <a href=\"http:\/\/db.uni-leipzig.de\" target=\"_blank\" rel=\"noreferrer noopener\">Universit\u00e4t Leipzig<\/a>, die <a href=\"http:\/\/www.landeskirche-sachsen.de\" target=\"_blank\" rel=\"noreferrer noopener\">Ev.-Luth. Landeskirche Sachsens<\/a>, das <a href=\"http:\/\/www.gustav-adolf-werk.de\" target=\"_blank\" rel=\"noreferrer noopener\">GAW<\/a> und die <a href=\"http:\/\/www.velkd.de\" target=\"_blank\" rel=\"noreferrer noopener\">VELKD<\/a> angeh\u00f6ren. Bewohner des Evangelischen Studienhauses halten Verbindung mit der <a href=\"http:\/\/www.esg-leipzig.de\" target=\"_blank\" rel=\"noreferrer noopener\">Evangelischen Studentengemeinde<\/a>, dem <a href=\"https:\/\/theokreis.de\">TheoKreis Leipzig<\/a>, der <a href=\"https:\/\/www.smd.org\/smd\/startseite\/\" target=\"_blank\" rel=\"noreferrer noopener\">Studentenmission in Deutschland <\/a> und <a href=\"http:\/\/leipzig.campusgruppe.de\/aktuelles\/\" target=\"_blank\" rel=\"noreferrer noopener\">Campus Connect Leipzig<\/a>.<\/p>\n\n\n\n<div class=\"wp-block-group\"><div class=\"wp-block-group__inner-container is-layout-flow wp-block-group-is-layout-flow\">\n<figure class=\"wp-block-gallery has-nested-images columns-default is-cropped wp-block-gallery-1 is-layout-flex wp-block-gallery-is-layout-flex\">\n<figure class=\"wp-block-image size-large\"><img loading=\"lazy\" decoding=\"async\" width=\"700\" height=\"394\" data-id=\"176\" src=\"https:\/\/esh-leipzig.de\/wp-content\/uploads\/2020\/02\/0N9C5510-700x394.jpg\" alt=\"\" class=\"wp-image-176\" srcset=\"https:\/\/esh-leipzig.de\/wp-content\/uploads\/2020\/02\/0N9C5510-700x394.jpg 700w, https:\/\/esh-leipzig.de\/wp-content\/uploads\/2020\/02\/0N9C5510-300x169.jpg 300w, https:\/\/esh-leipzig.de\/wp-content\/uploads\/2020\/02\/0N9C5510-768x432.jpg 768w, https:\/\/esh-leipzig.de\/wp-content\/uploads\/2020\/02\/0N9C5510-1536x864.jpg 1536w, https:\/\/esh-leipzig.de\/wp-content\/uploads\/2020\/02\/0N9C5510-2048x1152.jpg 2048w, https:\/\/esh-leipzig.de\/wp-content\/uploads\/2020\/02\/0N9C5510-800x450.jpg 800w\" sizes=\"auto, (max-width: 700px) 100vw, 700px\" \/><\/figure>\n\n\n\n<figure class=\"wp-block-image size-large\"><img loading=\"lazy\" decoding=\"async\" width=\"700\" height=\"394\" data-id=\"184\" src=\"https:\/\/esh-leipzig.de\/wp-content\/uploads\/2020\/02\/0N9C5519-700x394.jpg\" alt=\"\" class=\"wp-image-184\" srcset=\"https:\/\/esh-leipzig.de\/wp-content\/uploads\/2020\/02\/0N9C5519-700x394.jpg 700w, https:\/\/esh-leipzig.de\/wp-content\/uploads\/2020\/02\/0N9C5519-300x169.jpg 300w, https:\/\/esh-leipzig.de\/wp-content\/uploads\/2020\/02\/0N9C5519-768x432.jpg 768w, https:\/\/esh-leipzig.de\/wp-content\/uploads\/2020\/02\/0N9C5519-1536x864.jpg 1536w, https:\/\/esh-leipzig.de\/wp-content\/uploads\/2020\/02\/0N9C5519-2048x1152.jpg 2048w, https:\/\/esh-leipzig.de\/wp-content\/uploads\/2020\/02\/0N9C5519-800x450.jpg 800w\" sizes=\"auto, (max-width: 700px) 100vw, 700px\" \/><\/figure>\n<figcaption class=\"blocks-gallery-caption wp-element-caption\"><em>Blick auf das ESH von der Holzh\u00e4user Stra\u00dfe (links) und von der Sommerfelder Stra\u00dfe (rechts)<\/em><\/figcaption><\/figure>\n<\/div><\/div>\n","protected":false},"excerpt":{"rendered":"<p>Das Evangelische Studienhaus Leipzig ist ein Wohnheim f\u00fcr Studierende, in dem aktuell auch Azubis und Freiwilligendienstleistende wohnen. Hier im ESH steht das gemeinsame Leben und der Glaube im Mittelpunkt. Daf\u00fcr gibt es bei uns verschiedene Begegnungsr\u00e4ume. F\u00fcr Gebetszeiten, Gottesdienste und auch pers\u00f6nliches Gebet steht unsere Kapelle zur Verf\u00fcgung. In unserem Saal und Seminarraum finden regelm\u00e4\u00dfig&#8230;<\/p>\n","protected":false},"author":1,"featured_media":0,"parent":0,"menu_order":0,"comment_status":"closed","ping_status":"closed","template":"","meta":{"footnotes":""},"class_list":["post-26","page","type-page","status-publish","hentry"],"_links":{"self":[{"href":"https:\/\/esh-leipzig.de\/index.php?rest_route=\/wp\/v2\/pages\/26","targetHints":{"allow":["GET"]}}],"collection":[{"href":"https:\/\/esh-leipzig.de\/index.php?rest_route=\/wp\/v2\/pages"}],"about":[{"href":"https:\/\/esh-leipzig.de\/index.php?rest_route=\/wp\/v2\/types\/page"}],"author":[{"embeddable":true,"href":"https:\/\/esh-leipzig.de\/index.php?rest_route=\/wp\/v2\/users\/1"}],"replies":[{"embeddable":true,"href":"https:\/\/esh-leipzig.de\/index.php?rest_route=%2Fwp%2Fv2%2Fcomments&post=26"}],"version-history":[{"count":63,"href":"https:\/\/esh-leipzig.de\/index.php?rest_route=\/wp\/v2\/pages\/26\/revisions"}],"predecessor-version":[{"id":979,"href":"https:\/\/esh-leipzig.de\/index.php?rest_route=\/wp\/v2\/pages\/26\/revisions\/979"}],"wp:attachment":[{"href":"https:\/\/esh-leipzig.de\/index.php?rest_route=%2Fwp%2Fv2%2Fmedia&parent=26"}],"curies":[{"name":"wp","href":"https:\/\/api.w.org\/{rel}","templated":true}]}}