{"id":665,"date":"2023-08-30T06:11:45","date_gmt":"2023-08-30T06:11:45","guid":{"rendered":"https:\/\/esh-leipzig.de\/?page_id=665"},"modified":"2026-04-08T06:05:50","modified_gmt":"2026-04-08T06:05:50","slug":"bewerbung","status":"publish","type":"page","link":"https:\/\/esh-leipzig.de\/?page_id=665","title":{"rendered":"Bewerbung"},"content":{"rendered":"\n<div class=\"wp-block-cover is-light\" style=\"min-height:431px;aspect-ratio:unset;\"><img loading=\"lazy\" decoding=\"async\" width=\"2560\" height=\"1440\" class=\"wp-block-cover__image-background wp-image-202\" alt=\"\" src=\"https:\/\/esh-leipzig.de\/wp-content\/uploads\/2020\/02\/0N9C5521-1-scaled.jpg\" data-object-fit=\"cover\" srcset=\"https:\/\/esh-leipzig.de\/wp-content\/uploads\/2020\/02\/0N9C5521-1-scaled.jpg 2560w, https:\/\/esh-leipzig.de\/wp-content\/uploads\/2020\/02\/0N9C5521-1-300x169.jpg 300w, https:\/\/esh-leipzig.de\/wp-content\/uploads\/2020\/02\/0N9C5521-1-700x394.jpg 700w, https:\/\/esh-leipzig.de\/wp-content\/uploads\/2020\/02\/0N9C5521-1-768x432.jpg 768w, https:\/\/esh-leipzig.de\/wp-content\/uploads\/2020\/02\/0N9C5521-1-1536x864.jpg 1536w, https:\/\/esh-leipzig.de\/wp-content\/uploads\/2020\/02\/0N9C5521-1-2048x1152.jpg 2048w, https:\/\/esh-leipzig.de\/wp-content\/uploads\/2020\/02\/0N9C5521-1-800x450.jpg 800w\" sizes=\"auto, (max-width: 2560px) 100vw, 2560px\" \/><span aria-hidden=\"true\" class=\"wp-block-cover__background has-background-dim\"><\/span><div class=\"wp-block-cover__inner-container is-layout-flow wp-block-cover-is-layout-flow\">\n<h2 class=\"wp-block-heading has-text-align-center\"><mark style=\"background-color:rgba(0, 0, 0, 0)\" class=\"has-inline-color has-white-color\">Bewerbung<\/mark><\/h2>\n<\/div><\/div>\n\n\n\n<h3 class=\"wp-block-heading\">Bewerbung<\/h3>\n\n\n\n<p>Wenn Du gern im Evangelischen Studienhaus wohnen willst, dann sende Deine Bewerbung, mit<\/p>\n\n\n\n<ul class=\"wp-block-list\">\n<li>dem <a href=\"https:\/\/esh-leipzig.de\/wp-content\/uploads\/2022\/05\/Personalblatt_Bewerbung_Zimmer_ESH_Leipzig-1.pdf\">Personalblatt<\/a> mit Passbild (Das PDF-Dokument ist elektronisch ausf\u00fcllbar. Falls das im Browser nicht funktionieren sollte, dann lade es bitte herunter und \u00f6ffne es mit dem Adobe Acrobat Reader),<\/li>\n\n\n\n<li>deinem tabellarischen Lebenslauf,<\/li>\n\n\n\n<li>einem Motivationsschreiben und<\/li>\n\n\n\n<li>ggf. Visa oder Aufenthaltserlaubnis (<strong>nur f\u00fcr ausl\u00e4ndische Studierende<\/strong>)<\/li>\n<\/ul>\n\n\n\n<p>bevorzugt per Email an:<\/p>\n\n\n\n<pre class=\"wp-block-preformatted\"><strong>Studieninspektor Arvid B\u00fcntzel<\/strong><br>Evangelisches Studienhaus Leipzig<br>Sommerfelder Str. 20   30\/1<br>04299 Leipzig<br><a href=\"mailto:info@esh-leipzig.de\">info@esh-leipzig.de<\/a><\/pre>\n\n\n\n<p><\/p>\n\n\n\n<p>Einzugstermine sind der 01. April und der 01. Oktober. Die Mindestmietdauer betr\u00e4gt 6 Monate. K\u00fcndigungen sind mit dreimonatiger Frist zum 31. M\u00e4rz bzw. 30. September einzureichen. (Das hei\u00dft bis Ende Dezember bzw. Ende Juni muss gek\u00fcndigt sein.)<\/p>\n","protected":false},"excerpt":{"rendered":"<p>Bewerbung Wenn Du gern im Evangelischen Studienhaus wohnen willst, dann sende Deine Bewerbung, mit bevorzugt per Email an: Studieninspektor Arvid B\u00fcntzelEvangelisches Studienhaus LeipzigSommerfelder Str. 20 30\/104299 Leipziginfo@esh-leipzig.de Einzugstermine sind der 01. April und der 01. Oktober. Die Mindestmietdauer betr\u00e4gt 6 Monate. K\u00fcndigungen sind mit dreimonatiger Frist zum 31. M\u00e4rz bzw. 30. September einzureichen. (Das hei\u00dft&#8230;<\/p>\n","protected":false},"author":11,"featured_media":0,"parent":0,"menu_order":0,"comment_status":"closed","ping_status":"closed","template":"","meta":{"footnotes":""},"class_list":["post-665","page","type-page","status-publish","hentry"],"_links":{"self":[{"href":"https:\/\/esh-leipzig.de\/index.php?rest_route=\/wp\/v2\/pages\/665","targetHints":{"allow":["GET"]}}],"collection":[{"href":"https:\/\/esh-leipzig.de\/index.php?rest_route=\/wp\/v2\/pages"}],"about":[{"href":"https:\/\/esh-leipzig.de\/index.php?rest_route=\/wp\/v2\/types\/page"}],"author":[{"embeddable":true,"href":"https:\/\/esh-leipzig.de\/index.php?rest_route=\/wp\/v2\/users\/11"}],"replies":[{"embeddable":true,"href":"https:\/\/esh-leipzig.de\/index.php?rest_route=%2Fwp%2Fv2%2Fcomments&post=665"}],"version-history":[{"count":16,"href":"https:\/\/esh-leipzig.de\/index.php?rest_route=\/wp\/v2\/pages\/665\/revisions"}],"predecessor-version":[{"id":1001,"href":"https:\/\/esh-leipzig.de\/index.php?rest_route=\/wp\/v2\/pages\/665\/revisions\/1001"}],"wp:attachment":[{"href":"https:\/\/esh-leipzig.de\/index.php?rest_route=%2Fwp%2Fv2%2Fmedia&parent=665"}],"curies":[{"name":"wp","href":"https:\/\/api.w.org\/{rel}","templated":true}]}}