{"id":903,"date":"2025-07-23T10:05:53","date_gmt":"2025-07-23T10:05:53","guid":{"rendered":"https:\/\/esh-leipzig.de\/?page_id=903"},"modified":"2026-04-08T06:07:18","modified_gmt":"2026-04-08T06:07:18","slug":"mehr-informationen-zum-haus-und-zur-gemeinschaft","status":"publish","type":"page","link":"https:\/\/esh-leipzig.de\/?page_id=903","title":{"rendered":"Das Haus und die Gemeinschaft"},"content":{"rendered":"\n<h3 class=\"wp-block-heading\">Die Lage<\/h3>\n\n\n\n<p>Das Evangelische Studienhaus liegt im Stadtteil St\u00f6tteritz im S\u00fcdosten von Leipzig. Mit der Stra\u00dfenbahnlinie 4 ist die Innenstadt in etwa 20 Minuten erreichbar, wer mit dem Fahrrad unterwegs ist, ist eingeladen den Rekord von 11 Minuten bis zum Augustusplatz zu unterbieten :o) Alles was man zum Leben braucht findet man in St\u00f6tteritz. Es gibt unter anderem drei Superm\u00e4rkte, eine Post, verschiedene \u00c4rzte und mehrere Restaurants. Auch weitere kleine Gesch\u00e4fte befinden sich in unmittelbarer N\u00e4he zum Studienhaus. Nicht zu vergessen ist nat\u00fcrlich die <a href=\"http:\/\/www.marienkirche-leipzig.de\" target=\"_blank\" rel=\"noreferrer noopener\">St\u00f6tteritzer Marienkirche<\/a>, die auch noch sonnt\u00e4glichen Sp\u00e4taufstehern die M\u00f6glichkeit bietet, einen Gottesdienst zu besuchen. (Der Rekord liegt hier bei 19 Sekunden bis zur Kirche).<\/p>\n\n\n\n<figure class=\"wp-block-image size-large\"><img loading=\"lazy\" decoding=\"async\" width=\"700\" height=\"465\" src=\"https:\/\/esh-leipzig.de\/wp-content\/uploads\/2020\/05\/DSC_0035-700x465.jpg\" alt=\"\" class=\"wp-image-287\" srcset=\"https:\/\/esh-leipzig.de\/wp-content\/uploads\/2020\/05\/DSC_0035-700x465.jpg 700w, https:\/\/esh-leipzig.de\/wp-content\/uploads\/2020\/05\/DSC_0035-300x199.jpg 300w, https:\/\/esh-leipzig.de\/wp-content\/uploads\/2020\/05\/DSC_0035-768x510.jpg 768w, https:\/\/esh-leipzig.de\/wp-content\/uploads\/2020\/05\/DSC_0035-1536x1020.jpg 1536w, https:\/\/esh-leipzig.de\/wp-content\/uploads\/2020\/05\/DSC_0035-2048x1360.jpg 2048w, https:\/\/esh-leipzig.de\/wp-content\/uploads\/2020\/05\/DSC_0035-800x531.jpg 800w\" sizes=\"auto, (max-width: 700px) 100vw, 700px\" \/><figcaption class=\"wp-element-caption\"><em>Altar der ESH-Kapelle mit Osterkerze<\/em><\/figcaption><\/figure>\n\n\n\n<h3 class=\"wp-block-heading\">Der Hausspruch<\/h3>\n\n\n\n<blockquote class=\"wp-block-quote is-layout-flow wp-block-quote-is-layout-flow\">\n<p><em>\u201eDarum macht euch gegenseitig Mut und helft einander im Glauben weiter, wie ihr es ja auch jetzt schon tut.\u201c <\/em>                     <\/p>\n<cite><a href=\"https:\/\/www.bibleserver.com\/NG\u00dc\/1.Thessalonicher5,11\">Die Bibel &#8211; 1. Thessalonicher 5, Vers 11; Neue Genfer \u00dcbersetzung<\/a><\/cite><\/blockquote>\n\n\n\n<p>Dieser Vers steht in diesem Kapitel als Bindeglied zwischen der Aufforderung von Paulus an die Gemeinde in Thessaloniki, bereit zu sein f\u00fcr das Wiederkommen Christi und seine Empfehlungen f\u00fcr das Leben in der Gemeinde. Die Gemeindeglieder sollen sich gegenseitig Mut machen und den Grund daf\u00fcr gibt Paulus im Vers davor an: \u201eChristus ist ja f\u00fcr uns gestorben, damit wir, wenn er wiederkommt, f\u00fcr immer mit ihm leben.\u201c Zum einen soll sich die Gemeinde an das erinnern, was Jesus Christus bereits f\u00fcr sie getan hat. Zum anderen soll sie mit Erwartung vorausschauen auf seine R\u00fcckkehr und ihre Glieder sollen sich bis dahin gegenseitig ermutigen.<\/p>\n\n\n\n<p>Dieser Vers spricht auch heute zu einer Gemeinschaft wie unser Haus sie ist, deshalb haben wir ihn uns als Gemeinschaft auch zum Hausspruch gew\u00e4hlt. Auch wir, als Evangelisches Studienhaus, wollen auf das schauen, was Christus f\u00fcr uns am Kreuz getan hat. Aber auch der Blick nach vorn ist wichtig; der Blick auf den Tag an dem er kommt um alles zu richten und alles Unrecht zu beseitigen. Bis dieser Tag kommt wollen wir uns gegenseitig ermutigen. Das Leben in dieser Zeit der Erwartung ist nicht leicht. Dieses Haus soll ein Ort sein, an dem man in der Gemeinschaft Halt finden kann. An dem man nicht allein durch schwere Zeiten muss, sondern diese gemeinsam bestreitet. An dem wir einander helfen k\u00f6nnen, selbst in den dunkelsten Stunden, unseren Blick auf Christus zu richten. Wie wir es ja auch jetzt schon tun, wollen wir uns gegenseitig Mut machen und einander im Glauben weiterhelfen.<\/p>\n\n\n\n<h3 class=\"wp-block-heading\">Hauptamtliche Mitarbeiter des Hauses:<\/h3>\n\n\n\n<ul class=\"wp-block-list\">\n<li>Leitung: Studieninspektor Arvid B\u00fcntzel<\/li>\n\n\n\n<li>Hausmeister Andreas Syvarth<\/li>\n<\/ul>\n\n\n\n<h3 class=\"wp-block-heading\">Studentische Hausvertretung:<\/h3>\n\n\n\n<ul class=\"wp-block-list\">\n<li>Das f\u00fcr das Wintersemester 2025\/26 gew\u00e4hlte Seniorat: Alina H\u00f6fgen (WG 7) und Robert Dietz (WG 14)<\/li>\n\n\n\n<li>Versammlungsleitung f\u00fcr das Wintersemester 2025\/26: Merle Schuldt (WG 6)<\/li>\n<\/ul>\n\n\n\n<h3 class=\"wp-block-heading\" id=\"fotos-aus-dem-haus\">Fotos aus dem Haus<\/h3>\n\n\n\n<figure class=\"wp-block-gallery has-nested-images columns-2 wp-block-gallery-1 is-layout-flex wp-block-gallery-is-layout-flex\">\n<figure class=\"wp-block-image size-large\"><a href=\"https:\/\/esh-leipzig.de\/wp-content\/uploads\/2020\/02\/0N9C5562-scaled.jpg\"><img loading=\"lazy\" decoding=\"async\" width=\"700\" height=\"394\" data-id=\"229\" src=\"https:\/\/esh-leipzig.de\/wp-content\/uploads\/2020\/02\/0N9C5562-700x394.jpg\" alt=\"\" class=\"wp-image-229\" srcset=\"https:\/\/esh-leipzig.de\/wp-content\/uploads\/2020\/02\/0N9C5562-700x394.jpg 700w, https:\/\/esh-leipzig.de\/wp-content\/uploads\/2020\/02\/0N9C5562-300x169.jpg 300w, https:\/\/esh-leipzig.de\/wp-content\/uploads\/2020\/02\/0N9C5562-768x432.jpg 768w, https:\/\/esh-leipzig.de\/wp-content\/uploads\/2020\/02\/0N9C5562-1536x864.jpg 1536w, https:\/\/esh-leipzig.de\/wp-content\/uploads\/2020\/02\/0N9C5562-2048x1152.jpg 2048w, https:\/\/esh-leipzig.de\/wp-content\/uploads\/2020\/02\/0N9C5562-800x450.jpg 800w\" sizes=\"auto, (max-width: 700px) 100vw, 700px\" \/><\/a><figcaption class=\"wp-element-caption\">Foyer<\/figcaption><\/figure>\n\n\n\n<figure class=\"wp-block-image size-large\"><a href=\"https:\/\/esh-leipzig.de\/wp-content\/uploads\/2020\/02\/0N9C5539-scaled.jpg\"><img loading=\"lazy\" decoding=\"async\" width=\"700\" height=\"394\" data-id=\"209\" src=\"https:\/\/esh-leipzig.de\/wp-content\/uploads\/2020\/02\/0N9C5539-700x394.jpg\" alt=\"\" class=\"wp-image-209\" srcset=\"https:\/\/esh-leipzig.de\/wp-content\/uploads\/2020\/02\/0N9C5539-700x394.jpg 700w, https:\/\/esh-leipzig.de\/wp-content\/uploads\/2020\/02\/0N9C5539-300x169.jpg 300w, https:\/\/esh-leipzig.de\/wp-content\/uploads\/2020\/02\/0N9C5539-768x432.jpg 768w, https:\/\/esh-leipzig.de\/wp-content\/uploads\/2020\/02\/0N9C5539-1536x864.jpg 1536w, https:\/\/esh-leipzig.de\/wp-content\/uploads\/2020\/02\/0N9C5539-2048x1152.jpg 2048w, https:\/\/esh-leipzig.de\/wp-content\/uploads\/2020\/02\/0N9C5539-800x450.jpg 800w\" sizes=\"auto, (max-width: 700px) 100vw, 700px\" \/><\/a><figcaption class=\"wp-element-caption\">Kapelle<\/figcaption><\/figure>\n\n\n\n<figure class=\"wp-block-image size-large\"><a href=\"https:\/\/esh-leipzig.de\/wp-content\/uploads\/2020\/02\/0N9C5558-scaled.jpg\"><img loading=\"lazy\" decoding=\"async\" width=\"700\" height=\"394\" data-id=\"228\" src=\"https:\/\/esh-leipzig.de\/wp-content\/uploads\/2020\/02\/0N9C5558-700x394.jpg\" alt=\"\" class=\"wp-image-228\" srcset=\"https:\/\/esh-leipzig.de\/wp-content\/uploads\/2020\/02\/0N9C5558-700x394.jpg 700w, https:\/\/esh-leipzig.de\/wp-content\/uploads\/2020\/02\/0N9C5558-300x169.jpg 300w, https:\/\/esh-leipzig.de\/wp-content\/uploads\/2020\/02\/0N9C5558-768x432.jpg 768w, https:\/\/esh-leipzig.de\/wp-content\/uploads\/2020\/02\/0N9C5558-1536x864.jpg 1536w, https:\/\/esh-leipzig.de\/wp-content\/uploads\/2020\/02\/0N9C5558-2048x1152.jpg 2048w, https:\/\/esh-leipzig.de\/wp-content\/uploads\/2020\/02\/0N9C5558-800x450.jpg 800w\" sizes=\"auto, (max-width: 700px) 100vw, 700px\" \/><\/a><figcaption class=\"wp-element-caption\">Seminarraum<\/figcaption><\/figure>\n\n\n\n<figure class=\"wp-block-image size-large\"><a href=\"https:\/\/esh-leipzig.de\/wp-content\/uploads\/2020\/02\/0N9C5550-scaled.jpg\"><img loading=\"lazy\" decoding=\"async\" width=\"700\" height=\"394\" data-id=\"211\" src=\"https:\/\/esh-leipzig.de\/wp-content\/uploads\/2020\/02\/0N9C5550-700x394.jpg\" alt=\"\" class=\"wp-image-211\" srcset=\"https:\/\/esh-leipzig.de\/wp-content\/uploads\/2020\/02\/0N9C5550-700x394.jpg 700w, https:\/\/esh-leipzig.de\/wp-content\/uploads\/2020\/02\/0N9C5550-300x169.jpg 300w, https:\/\/esh-leipzig.de\/wp-content\/uploads\/2020\/02\/0N9C5550-768x432.jpg 768w, https:\/\/esh-leipzig.de\/wp-content\/uploads\/2020\/02\/0N9C5550-1536x864.jpg 1536w, https:\/\/esh-leipzig.de\/wp-content\/uploads\/2020\/02\/0N9C5550-2048x1152.jpg 2048w, https:\/\/esh-leipzig.de\/wp-content\/uploads\/2020\/02\/0N9C5550-800x450.jpg 800w\" sizes=\"auto, (max-width: 700px) 100vw, 700px\" \/><\/a><figcaption class=\"wp-element-caption\">Musikraum<\/figcaption><\/figure>\n\n\n\n<figure class=\"wp-block-image size-large\"><a href=\"https:\/\/esh-leipzig.de\/wp-content\/uploads\/2020\/02\/0N9C5531-scaled.jpg\"><img loading=\"lazy\" decoding=\"async\" width=\"700\" height=\"394\" data-id=\"208\" src=\"https:\/\/esh-leipzig.de\/wp-content\/uploads\/2020\/02\/0N9C5531-700x394.jpg\" alt=\"\" class=\"wp-image-208\" srcset=\"https:\/\/esh-leipzig.de\/wp-content\/uploads\/2020\/02\/0N9C5531-700x394.jpg 700w, https:\/\/esh-leipzig.de\/wp-content\/uploads\/2020\/02\/0N9C5531-300x169.jpg 300w, https:\/\/esh-leipzig.de\/wp-content\/uploads\/2020\/02\/0N9C5531-768x432.jpg 768w, https:\/\/esh-leipzig.de\/wp-content\/uploads\/2020\/02\/0N9C5531-1536x864.jpg 1536w, https:\/\/esh-leipzig.de\/wp-content\/uploads\/2020\/02\/0N9C5531-2048x1152.jpg 2048w, https:\/\/esh-leipzig.de\/wp-content\/uploads\/2020\/02\/0N9C5531-800x450.jpg 800w\" sizes=\"auto, (max-width: 700px) 100vw, 700px\" \/><\/a><figcaption class=\"wp-element-caption\">Saal<\/figcaption><\/figure>\n<\/figure>\n","protected":false},"excerpt":{"rendered":"<p>Die Lage Das Evangelische Studienhaus liegt im Stadtteil St\u00f6tteritz im S\u00fcdosten von Leipzig. Mit der Stra\u00dfenbahnlinie 4 ist die Innenstadt in etwa 20 Minuten erreichbar, wer mit dem Fahrrad unterwegs ist, ist eingeladen den Rekord von 11 Minuten bis zum Augustusplatz zu unterbieten :o) Alles was man zum Leben braucht findet man in St\u00f6tteritz. Es&#8230;<\/p>\n","protected":false},"author":11,"featured_media":0,"parent":0,"menu_order":0,"comment_status":"closed","ping_status":"closed","template":"","meta":{"footnotes":""},"class_list":["post-903","page","type-page","status-publish","hentry"],"_links":{"self":[{"href":"https:\/\/esh-leipzig.de\/index.php?rest_route=\/wp\/v2\/pages\/903","targetHints":{"allow":["GET"]}}],"collection":[{"href":"https:\/\/esh-leipzig.de\/index.php?rest_route=\/wp\/v2\/pages"}],"about":[{"href":"https:\/\/esh-leipzig.de\/index.php?rest_route=\/wp\/v2\/types\/page"}],"author":[{"embeddable":true,"href":"https:\/\/esh-leipzig.de\/index.php?rest_route=\/wp\/v2\/users\/11"}],"replies":[{"embeddable":true,"href":"https:\/\/esh-leipzig.de\/index.php?rest_route=%2Fwp%2Fv2%2Fcomments&post=903"}],"version-history":[{"count":11,"href":"https:\/\/esh-leipzig.de\/index.php?rest_route=\/wp\/v2\/pages\/903\/revisions"}],"predecessor-version":[{"id":1002,"href":"https:\/\/esh-leipzig.de\/index.php?rest_route=\/wp\/v2\/pages\/903\/revisions\/1002"}],"wp:attachment":[{"href":"https:\/\/esh-leipzig.de\/index.php?rest_route=%2Fwp%2Fv2%2Fmedia&parent=903"}],"curies":[{"name":"wp","href":"https:\/\/api.w.org\/{rel}","templated":true}]}}